{"id":8855,"date":"2025-08-24T21:13:55","date_gmt":"2025-08-24T19:13:55","guid":{"rendered":"https:\/\/slazanski.com\/?post_type=product&#038;p=8855"},"modified":"2025-08-24T21:13:55","modified_gmt":"2025-08-24T19:13:55","slug":"k005042025","status":"publish","type":"product","link":"https:\/\/slazanski.com\/en\/product\/k005042025\/","title":{"rendered":"K005042025"},"content":{"rendered":"<p>Handmade belt made of high-quality cowhide leather.<\/p>\n<ul>\n<li>Opasok m\u00e1 hr\u00fabku ko\u017ee 4 mm a \u0161\u00edrka opasku je 40 mm a sedem dierok<\/li>\n<li>Celkov\u00e1 d\u013a\u017eka opasku: 130cm<\/li>\n<li>D\u013a\u017eka po stredn\u00fa dierku: 116 cm<\/li>\n<li>Colored with light pigment on leather<\/li>\n<li>treated with natural bee balm<\/li>\n<\/ul>\n<p>If interested, you can order dark or light stitching. Check availability via the form.<\/p>","protected":false},"excerpt":{"rendered":"<p>Ru\u010dne vyr\u00e1ban\u00fd opasok z kvalitnej hov\u00e4dzej ko\u017ee. Opasok m\u00e1 hr\u00fabku ko\u017ee 4 mm a \u0161\u00edrka opasku je 40 mm a sedem dierok Celkov\u00e1 d\u013a\u017eka opasku: 130cm D\u013a\u017eka po stredn\u00fa dierku: 116 cm Farben\u00fd svetl\u00fdm pigmentom na ko\u017eu o\u0161etren\u00fd pr\u00edrodn\u00fdm v\u010del\u00fdm balzamom V pr\u00edpade z\u00e1ujmu je<\/p>\n<p class=\"entry-excerpt-more\"><a class=\"read-more\" href=\"https:\/\/slazanski.com\/en\/product\/k005042025\/\">Read More <i class=\"fa fa-long-arrow-right\"><\/i><\/a><\/p>","protected":false},"featured_media":8856,"template":"","meta":[],"product_brand":[],"product_cat":[47],"product_tag":[],"class_list":{"0":"post-8855","1":"product","2":"type-product","3":"status-publish","4":"has-post-thumbnail","6":"product_cat-opasok","8":"first","9":"outofstock","10":"shipping-taxable","11":"product-type-leather"},"_links":{"self":[{"href":"https:\/\/slazanski.com\/en\/wp-json\/wp\/v2\/product\/8855","targetHints":{"allow":["GET"]}}],"collection":[{"href":"https:\/\/slazanski.com\/en\/wp-json\/wp\/v2\/product"}],"about":[{"href":"https:\/\/slazanski.com\/en\/wp-json\/wp\/v2\/types\/product"}],"wp:featuredmedia":[{"embeddable":true,"href":"https:\/\/slazanski.com\/en\/wp-json\/wp\/v2\/media\/8856"}],"wp:attachment":[{"href":"https:\/\/slazanski.com\/en\/wp-json\/wp\/v2\/media?parent=8855"}],"wp:term":[{"taxonomy":"product_brand","embeddable":true,"href":"https:\/\/slazanski.com\/en\/wp-json\/wp\/v2\/product_brand?post=8855"},{"taxonomy":"product_cat","embeddable":true,"href":"https:\/\/slazanski.com\/en\/wp-json\/wp\/v2\/product_cat?post=8855"},{"taxonomy":"product_tag","embeddable":true,"href":"https:\/\/slazanski.com\/en\/wp-json\/wp\/v2\/product_tag?post=8855"}],"curies":[{"name":"wp","href":"https:\/\/api.w.org\/{rel}","templated":true}]}}