{"id":8836,"date":"2025-08-24T20:18:46","date_gmt":"2025-08-24T18:18:46","guid":{"rendered":"https:\/\/slazanski.com\/?post_type=product&#038;p=8836"},"modified":"2025-08-24T20:18:46","modified_gmt":"2025-08-24T18:18:46","slug":"k002032025","status":"publish","type":"product","link":"https:\/\/slazanski.com\/en\/product\/k002032025\/","title":{"rendered":"K002032025"},"content":{"rendered":"<p>Handmade belt made of high-quality cowhide leather.<\/p>\n<ul>\n<li>The belt has a leather thickness of 4 mm and a width of 38 mm with seven holes.<\/li>\n<li>Celkov\u00e1 d\u013a\u017eka opasku: 130cm<\/li>\n<li>D\u013a\u017eka po stredn\u00fa dierku: 116 cm<\/li>\n<li>Colored with light pigment on leather<\/li>\n<li>treated with natural bee balm<\/li>\n<\/ul>\n<p>&nbsp;<\/p>\n<p>If interested, you can order dark or light stitching. Check availability via the form.<\/p>","protected":false},"excerpt":{"rendered":"<p>Ru\u010dne vyr\u00e1ban\u00fd opasok z kvalitnej hov\u00e4dzej ko\u017ee. Opasok m\u00e1 hr\u00fabku ko\u017ee 4 mm a \u0161\u00edrka opasku je 38 mm a sedem dierok Celkov\u00e1 d\u013a\u017eka opasku: 130cm D\u013a\u017eka po stredn\u00fa dierku: 116 cm Farben\u00fd svetl\u00fdm pigmentom na ko\u017eu o\u0161etren\u00fd pr\u00edrodn\u00fdm v\u010del\u00fdm balzamom &nbsp; V pr\u00edpade z\u00e1ujmu<\/p>\n<p class=\"entry-excerpt-more\"><a class=\"read-more\" href=\"https:\/\/slazanski.com\/en\/product\/k002032025\/\">Read More <i class=\"fa fa-long-arrow-right\"><\/i><\/a><\/p>","protected":false},"featured_media":8837,"template":"","meta":[],"product_brand":[],"product_cat":[15],"product_tag":[],"class_list":{"0":"post-8836","1":"product","2":"type-product","3":"status-publish","4":"has-post-thumbnail","6":"product_cat-nezaradene","8":"first","9":"outofstock","10":"shipping-taxable","11":"product-type-leather"},"_links":{"self":[{"href":"https:\/\/slazanski.com\/en\/wp-json\/wp\/v2\/product\/8836","targetHints":{"allow":["GET"]}}],"collection":[{"href":"https:\/\/slazanski.com\/en\/wp-json\/wp\/v2\/product"}],"about":[{"href":"https:\/\/slazanski.com\/en\/wp-json\/wp\/v2\/types\/product"}],"wp:featuredmedia":[{"embeddable":true,"href":"https:\/\/slazanski.com\/en\/wp-json\/wp\/v2\/media\/8837"}],"wp:attachment":[{"href":"https:\/\/slazanski.com\/en\/wp-json\/wp\/v2\/media?parent=8836"}],"wp:term":[{"taxonomy":"product_brand","embeddable":true,"href":"https:\/\/slazanski.com\/en\/wp-json\/wp\/v2\/product_brand?post=8836"},{"taxonomy":"product_cat","embeddable":true,"href":"https:\/\/slazanski.com\/en\/wp-json\/wp\/v2\/product_cat?post=8836"},{"taxonomy":"product_tag","embeddable":true,"href":"https:\/\/slazanski.com\/en\/wp-json\/wp\/v2\/product_tag?post=8836"}],"curies":[{"name":"wp","href":"https:\/\/api.w.org\/{rel}","templated":true}]}}