{"id":8618,"date":"2025-06-29T20:44:47","date_gmt":"2025-06-29T18:44:47","guid":{"rendered":"https:\/\/slazanski.com\/?post_type=product&#038;p=8618"},"modified":"2025-08-24T20:07:12","modified_gmt":"2025-08-24T18:07:12","slug":"k007062025","status":"publish","type":"product","link":"https:\/\/slazanski.com\/en\/product\/k007062025\/","title":{"rendered":"K007062025"},"content":{"rendered":"<ul>\n<li>Hand-sewn wallet for three cards, coins, banknotes and two inner pockets.<\/li>\n<li>Ko\u017ea je hov\u00e4dzina Koala Gold, vegetable tanned.<\/li>\n<li>Rozmery s\u00fa 90&#215;123 cm (180&#215;123 cm rozlo\u017een\u00e1)<\/li>\n<li>If interested, you can order dark or light stitching. Check availability via the form.<\/li>\n<\/ul>","protected":false},"excerpt":{"rendered":"<p>Ru\u010dne \u0161it\u00e1 pe\u0148a\u017eenka na tri karty, mince, bankovky a dve vn\u00fatorn\u00e9 vreck\u00e1. Ko\u017ea je hov\u00e4dzina Koala Gold, vegetable tanned. Rozmery s\u00fa 90&#215;123 cm (180&#215;123 cm rozlo\u017een\u00e1) V pr\u00edpade z\u00e1ujmu je mo\u017en\u00e9 objedna\u0165 si tmav\u00e9 alebo svetl\u00e9 \u0161itie. Overte si dostupnos\u0165 cez formul\u00e1r.<\/p>","protected":false},"featured_media":8641,"template":"","meta":[],"product_brand":[],"product_cat":[43],"product_tag":[],"class_list":{"0":"post-8618","1":"product","2":"type-product","3":"status-publish","4":"has-post-thumbnail","6":"product_cat-koza-penazenka","8":"first","9":"outofstock","10":"shipping-taxable","11":"product-type-leather"},"_links":{"self":[{"href":"https:\/\/slazanski.com\/en\/wp-json\/wp\/v2\/product\/8618","targetHints":{"allow":["GET"]}}],"collection":[{"href":"https:\/\/slazanski.com\/en\/wp-json\/wp\/v2\/product"}],"about":[{"href":"https:\/\/slazanski.com\/en\/wp-json\/wp\/v2\/types\/product"}],"wp:featuredmedia":[{"embeddable":true,"href":"https:\/\/slazanski.com\/en\/wp-json\/wp\/v2\/media\/8641"}],"wp:attachment":[{"href":"https:\/\/slazanski.com\/en\/wp-json\/wp\/v2\/media?parent=8618"}],"wp:term":[{"taxonomy":"product_brand","embeddable":true,"href":"https:\/\/slazanski.com\/en\/wp-json\/wp\/v2\/product_brand?post=8618"},{"taxonomy":"product_cat","embeddable":true,"href":"https:\/\/slazanski.com\/en\/wp-json\/wp\/v2\/product_cat?post=8618"},{"taxonomy":"product_tag","embeddable":true,"href":"https:\/\/slazanski.com\/en\/wp-json\/wp\/v2\/product_tag?post=8618"}],"curies":[{"name":"wp","href":"https:\/\/api.w.org\/{rel}","templated":true}]}}