{"id":171,"date":"2021-08-29T17:26:42","date_gmt":"2021-08-29T15:26:42","guid":{"rendered":"http:\/\/109.230.52.81\/pspipes\/?page_id=171"},"modified":"2026-02-28T17:02:26","modified_gmt":"2026-02-28T15:02:26","slug":"kontakty","status":"publish","type":"page","link":"https:\/\/slazanski.com\/en\/contacts\/","title":{"rendered":"Contacts"},"content":{"rendered":"<div class=\"wp-block-columns is-layout-flex wp-container-core-columns-is-layout-9d6595d7 wp-block-columns-is-layout-flex\">\n<div class=\"wp-block-column is-layout-flow wp-block-column-is-layout-flow\" style=\"flex-basis:33.33%\">\n<blockquote class=\"wp-block-quote is-layout-flow wp-block-quote-is-layout-flow\">\n<p>Patrik Slazansky<\/p>\n\n\n\n<p>Ru\u010dne vyr\u00e1ban\u00e9 produkty zo Slovenska <br> Handmade goods from Slovakia<\/p>\n<\/blockquote>\n\n\n\n<ul class=\"wp-block-social-links is-layout-flex wp-block-social-links-is-layout-flex\"><li class=\"wp-social-link wp-social-link-mail  wp-block-social-link\"><a href=\"mailto:pipes&#064;sl&#097;z&#097;nsk&#105;&#046;&#099;om\" class=\"wp-block-social-link-anchor\"><svg width=\"24\" height=\"24\" viewbox=\"0 0 24 24\" version=\"1.1\" xmlns=\"http:\/\/www.w3.org\/2000\/svg\" aria-hidden=\"true\" focusable=\"false\"><path d=\"M19,5H5c-1.1,0-2,.9-2,2v10c0,1.1.9,2,2,2h14c1.1,0,2-.9,2-2V7c0-1.1-.9-2-2-2zm.5,12c0,.3-.2.5-.5.5H5c-.3,0-.5-.2-.5-.5V9.8l7.5,5.6,7.5-5.6V17zm0-9.1L12,13.6,4.5,7.9V7c0-.3.2-.5.5-.5h14c.3,0,.5.2.5.5v.9z\"><\/path><\/svg><span class=\"wp-block-social-link-label screen-reader-text\">Mail<\/span><\/a><\/li>\n\n<li class=\"wp-social-link wp-social-link-twitch  wp-block-social-link\"><a href=\"https:\/\/twitch.com\/strasil\" class=\"wp-block-social-link-anchor\"><svg width=\"24\" height=\"24\" viewbox=\"0 0 24 24\" version=\"1.1\" xmlns=\"http:\/\/www.w3.org\/2000\/svg\" aria-hidden=\"true\" focusable=\"false\"><path d=\"M16.499,8.089h-1.636v4.91h1.636V8.089z M12,8.089h-1.637v4.91H12V8.089z M4.228,3.178L3,6.451v13.092h4.499V22h2.456 l2.454-2.456h3.681L21,14.636V3.178H4.228z M19.364,13.816l-2.864,2.865H12l-2.453,2.453V16.68H5.863V4.814h13.501V13.816z\"><\/path><\/svg><span class=\"wp-block-social-link-label screen-reader-text\">Twitch<\/span><\/a><\/li>\n\n<li class=\"wp-social-link wp-social-link-instagram  wp-block-social-link\"><a href=\"https:\/\/www.instagram.com\/patrik.slazansky\/\" class=\"wp-block-social-link-anchor\"><svg width=\"24\" height=\"24\" viewbox=\"0 0 24 24\" version=\"1.1\" xmlns=\"http:\/\/www.w3.org\/2000\/svg\" aria-hidden=\"true\" focusable=\"false\"><path d=\"M12,4.622c2.403,0,2.688,0.009,3.637,0.052c0.877,0.04,1.354,0.187,1.671,0.31c0.42,0.163,0.72,0.358,1.035,0.673 c0.315,0.315,0.51,0.615,0.673,1.035c0.123,0.317,0.27,0.794,0.31,1.671c0.043,0.949,0.052,1.234,0.052,3.637 s-0.009,2.688-0.052,3.637c-0.04,0.877-0.187,1.354-0.31,1.671c-0.163,0.42-0.358,0.72-0.673,1.035 c-0.315,0.315-0.615,0.51-1.035,0.673c-0.317,0.123-0.794,0.27-1.671,0.31c-0.949,0.043-1.233,0.052-3.637,0.052 s-2.688-0.009-3.637-0.052c-0.877-0.04-1.354-0.187-1.671-0.31c-0.42-0.163-0.72-0.358-1.035-0.673 c-0.315-0.315-0.51-0.615-0.673-1.035c-0.123-0.317-0.27-0.794-0.31-1.671C4.631,14.688,4.622,14.403,4.622,12 s0.009-2.688,0.052-3.637c0.04-0.877,0.187-1.354,0.31-1.671c0.163-0.42,0.358-0.72,0.673-1.035 c0.315-0.315,0.615-0.51,1.035-0.673c0.317-0.123,0.794-0.27,1.671-0.31C9.312,4.631,9.597,4.622,12,4.622 M12,3 C9.556,3,9.249,3.01,8.289,3.054C7.331,3.098,6.677,3.25,6.105,3.472C5.513,3.702,5.011,4.01,4.511,4.511 c-0.5,0.5-0.808,1.002-1.038,1.594C3.25,6.677,3.098,7.331,3.054,8.289C3.01,9.249,3,9.556,3,12c0,2.444,0.01,2.751,0.054,3.711 c0.044,0.958,0.196,1.612,0.418,2.185c0.23,0.592,0.538,1.094,1.038,1.594c0.5,0.5,1.002,0.808,1.594,1.038 c0.572,0.222,1.227,0.375,2.185,0.418C9.249,20.99,9.556,21,12,21s2.751-0.01,3.711-0.054c0.958-0.044,1.612-0.196,2.185-0.418 c0.592-0.23,1.094-0.538,1.594-1.038c0.5-0.5,0.808-1.002,1.038-1.594c0.222-0.572,0.375-1.227,0.418-2.185 C20.99,14.751,21,14.444,21,12s-0.01-2.751-0.054-3.711c-0.044-0.958-0.196-1.612-0.418-2.185c-0.23-0.592-0.538-1.094-1.038-1.594 c-0.5-0.5-1.002-0.808-1.594-1.038c-0.572-0.222-1.227-0.375-2.185-0.418C14.751,3.01,14.444,3,12,3L12,3z M12,7.378 c-2.552,0-4.622,2.069-4.622,4.622S9.448,16.622,12,16.622s4.622-2.069,4.622-4.622S14.552,7.378,12,7.378z M12,15 c-1.657,0-3-1.343-3-3s1.343-3,3-3s3,1.343,3,3S13.657,15,12,15z M16.804,6.116c-0.596,0-1.08,0.484-1.08,1.08 s0.484,1.08,1.08,1.08c0.596,0,1.08-0.484,1.08-1.08S17.401,6.116,16.804,6.116z\"><\/path><\/svg><span class=\"wp-block-social-link-label screen-reader-text\">Instagram<\/span><\/a><\/li>\n\n<li class=\"wp-social-link wp-social-link-youtube  wp-block-social-link\"><a href=\"https:\/\/www.youtube.com\/@strasilpipes\" class=\"wp-block-social-link-anchor\"><svg width=\"24\" height=\"24\" viewbox=\"0 0 24 24\" version=\"1.1\" xmlns=\"http:\/\/www.w3.org\/2000\/svg\" aria-hidden=\"true\" focusable=\"false\"><path d=\"M21.8,8.001c0,0-0.195-1.378-0.795-1.985c-0.76-0.797-1.613-0.801-2.004-0.847c-2.799-0.202-6.997-0.202-6.997-0.202 h-0.009c0,0-4.198,0-6.997,0.202C4.608,5.216,3.756,5.22,2.995,6.016C2.395,6.623,2.2,8.001,2.2,8.001S2,9.62,2,11.238v1.517 c0,1.618,0.2,3.237,0.2,3.237s0.195,1.378,0.795,1.985c0.761,0.797,1.76,0.771,2.205,0.855c1.6,0.153,6.8,0.201,6.8,0.201 s4.203-0.006,7.001-0.209c0.391-0.047,1.243-0.051,2.004-0.847c0.6-0.607,0.795-1.985,0.795-1.985s0.2-1.618,0.2-3.237v-1.517 C22,9.62,21.8,8.001,21.8,8.001z M9.935,14.594l-0.001-5.62l5.404,2.82L9.935,14.594z\"><\/path><\/svg><span class=\"wp-block-social-link-label screen-reader-text\">YouTube<\/span><\/a><\/li><\/ul>\n\n\n\n<p><br>Email: pipes@slazanski.com<br>Twitch Partner stream: strasil<br>(streamujem v\u00fdrobu fajok alebo pr\u00e1cu s ko\u017eou, m\u00f4\u017eete na\u017eivo vidie\u0165 vyr\u00e1ba\u0165 v\u00fdrobok pr\u00e1ve V\u00e1s)<br>(creative streams from pipemaking and leatherworking)<br>Instagram: patrik.slazansky<br>Youtube: Strasil Pipes<br><br>Review:<br>SME.sk:\u00a0Medailon: Ke\u010f kon\u010d\u00ed fajka&#8230;<br>Briar 02\/2014:\u00a0Patrik Sla\u017eansk\u00fd<br>Briar Meditations:\u00a0Patrick Slazansky: A Little Different<br>Pipesmagazine.com:\u00a0Slovakian Newcomer Makes His Mark<br>Magaz\u00edn PRAVDA:\u00a0<a href=\"http:\/\/zurnal.pravda.sk\/fenomen\/clanok\/306922-zneju-sta-husle-fajky-zazivaju-renesanciu\/\" target=\"_blank\" rel=\"noreferrer noopener\"><strong>Znej\u00fa s\u0165a husle. Fajky za\u017e\u00edvaj\u00fa renesanciu<\/strong><\/a><a href=\"\/en\/images\/pravda02.jpg\/\"><strong><br><\/strong><\/a>SME.sk portal:<a href=\"\/en\/images\/pravda02.jpg\/\"><strong>\u00a0<\/strong><\/a><strong><a href=\"https:\/\/slazanski.com\/wp-content\/uploads\/2021\/12\/pravda01.jpg\" data-type=\"URL\" data-id=\"https:\/\/slazanski.com\/wp-content\/uploads\/2021\/12\/pravda01.jpg\" target=\"_blank\" rel=\"noreferrer noopener\">Fajky vyr\u00e1ba na balk\u00f3ne bratislavsk\u00e9ho panel\u00e1ku<\/a><\/strong><br>SME.sk portal 02:<a href=\"\/en\/images\/pravda02.jpg\/\"><strong>\u00a0<\/strong><\/a><strong><a href=\"https:\/\/slazanski.com\/wp-content\/uploads\/2021\/12\/pravda02.jpg\" data-type=\"URL\" data-id=\"https:\/\/slazanski.com\/wp-content\/uploads\/2021\/12\/pravda02.jpg\" target=\"_blank\" rel=\"noreferrer noopener\">Fajky vyr\u00e1ba na <\/a><a href=\"https:\/\/slazanski.com\/wp-content\/uploads\/2021\/12\/pravda01.jpg\" data-type=\"URL\" data-id=\"https:\/\/slazanski.com\/wp-content\/uploads\/2021\/12\/pravda01.jpg\" target=\"_blank\" rel=\"noreferrer noopener\">balk\u00f3ne bratislavsk\u00e9ho<\/a><\/strong><\/p>\n<\/div>\n\n\n\n<div class=\"wp-block-column is-layout-flow wp-block-column-is-layout-flow\" style=\"flex-basis:66.66%\">\n<figure class=\"wp-block-gallery has-nested-images columns-3 is-cropped wp-block-gallery-1 is-layout-flex wp-block-gallery-is-layout-flex\">\n<figure class=\"wp-block-image size-large\"><a href=\"https:\/\/slazanski.com\/wp-content\/uploads\/2026\/02\/self003.jpg\"><img loading=\"lazy\" decoding=\"async\" width=\"768\" height=\"1024\" data-id=\"9162\" src=\"https:\/\/slazanski.com\/wp-content\/uploads\/2026\/02\/self003-768x1024.jpg\" alt=\"\" class=\"wp-image-9162\" srcset=\"https:\/\/slazanski.com\/wp-content\/uploads\/2026\/02\/self003-768x1024.jpg 768w, https:\/\/slazanski.com\/wp-content\/uploads\/2026\/02\/self003-225x300.jpg 225w, https:\/\/slazanski.com\/wp-content\/uploads\/2026\/02\/self003-9x12.jpg 9w, https:\/\/slazanski.com\/wp-content\/uploads\/2026\/02\/self003-600x800.jpg 600w, https:\/\/slazanski.com\/wp-content\/uploads\/2026\/02\/self003-112x150.jpg 112w, https:\/\/slazanski.com\/wp-content\/uploads\/2026\/02\/self003-64x85.jpg 64w, https:\/\/slazanski.com\/wp-content\/uploads\/2026\/02\/self003.jpg 800w\" sizes=\"auto, (max-width: 768px) 100vw, 768px\" data-no-translation=\"\" \/><\/a><\/figure>\n\n\n\n<figure class=\"wp-block-image size-large\"><a href=\"https:\/\/slazanski.com\/wp-content\/uploads\/2026\/02\/self.jpg\"><img loading=\"lazy\" decoding=\"async\" width=\"600\" height=\"800\" data-id=\"9159\" src=\"https:\/\/slazanski.com\/wp-content\/uploads\/2026\/02\/self.jpg\" alt=\"\" class=\"wp-image-9159\" srcset=\"https:\/\/slazanski.com\/wp-content\/uploads\/2026\/02\/self.jpg 600w, https:\/\/slazanski.com\/wp-content\/uploads\/2026\/02\/self-225x300.jpg 225w, https:\/\/slazanski.com\/wp-content\/uploads\/2026\/02\/self-9x12.jpg 9w, https:\/\/slazanski.com\/wp-content\/uploads\/2026\/02\/self-113x150.jpg 113w, https:\/\/slazanski.com\/wp-content\/uploads\/2026\/02\/self-64x85.jpg 64w\" sizes=\"auto, (max-width: 600px) 100vw, 600px\" data-no-translation=\"\" \/><\/a><\/figure>\n\n\n\n<figure class=\"wp-block-image size-large\"><a href=\"https:\/\/slazanski.com\/wp-content\/uploads\/2026\/02\/self004.jpg\"><img loading=\"lazy\" decoding=\"async\" width=\"500\" height=\"667\" data-id=\"9163\" src=\"https:\/\/slazanski.com\/wp-content\/uploads\/2026\/02\/self004.jpg\" alt=\"\" class=\"wp-image-9163\" srcset=\"https:\/\/slazanski.com\/wp-content\/uploads\/2026\/02\/self004.jpg 500w, https:\/\/slazanski.com\/wp-content\/uploads\/2026\/02\/self004-225x300.jpg 225w, https:\/\/slazanski.com\/wp-content\/uploads\/2026\/02\/self004-9x12.jpg 9w, https:\/\/slazanski.com\/wp-content\/uploads\/2026\/02\/self004-112x150.jpg 112w, https:\/\/slazanski.com\/wp-content\/uploads\/2026\/02\/self004-64x85.jpg 64w\" sizes=\"auto, (max-width: 500px) 100vw, 500px\" data-no-translation=\"\" \/><\/a><\/figure>\n\n\n\n<figure class=\"wp-block-image size-large\"><a href=\"https:\/\/slazanski.com\/wp-content\/uploads\/2026\/02\/self006.jpg\"><img loading=\"lazy\" decoding=\"async\" width=\"500\" height=\"667\" data-id=\"9165\" src=\"https:\/\/slazanski.com\/wp-content\/uploads\/2026\/02\/self006.jpg\" alt=\"\" class=\"wp-image-9165\" srcset=\"https:\/\/slazanski.com\/wp-content\/uploads\/2026\/02\/self006.jpg 500w, https:\/\/slazanski.com\/wp-content\/uploads\/2026\/02\/self006-225x300.jpg 225w, https:\/\/slazanski.com\/wp-content\/uploads\/2026\/02\/self006-9x12.jpg 9w, https:\/\/slazanski.com\/wp-content\/uploads\/2026\/02\/self006-112x150.jpg 112w, https:\/\/slazanski.com\/wp-content\/uploads\/2026\/02\/self006-64x85.jpg 64w\" sizes=\"auto, (max-width: 500px) 100vw, 500px\" data-no-translation=\"\" \/><\/a><\/figure>\n\n\n\n<figure class=\"wp-block-image size-large\"><a href=\"https:\/\/slazanski.com\/wp-content\/uploads\/2026\/02\/self002.jpg\"><img loading=\"lazy\" decoding=\"async\" width=\"600\" height=\"800\" data-id=\"9161\" src=\"https:\/\/slazanski.com\/wp-content\/uploads\/2026\/02\/self002.jpg\" alt=\"\" class=\"wp-image-9161\" srcset=\"https:\/\/slazanski.com\/wp-content\/uploads\/2026\/02\/self002.jpg 600w, https:\/\/slazanski.com\/wp-content\/uploads\/2026\/02\/self002-225x300.jpg 225w, https:\/\/slazanski.com\/wp-content\/uploads\/2026\/02\/self002-9x12.jpg 9w, https:\/\/slazanski.com\/wp-content\/uploads\/2026\/02\/self002-113x150.jpg 113w, https:\/\/slazanski.com\/wp-content\/uploads\/2026\/02\/self002-64x85.jpg 64w\" sizes=\"auto, (max-width: 600px) 100vw, 600px\" data-no-translation=\"\" \/><\/a><\/figure>\n<\/figure>\n<\/div>\n<\/div>\n\n\n\n<p><\/p>","protected":false},"excerpt":{"rendered":"<p>Patrik Slazansky Ru\u010dne vyr\u00e1ban\u00e9 produkty zo Slovenska Handmade goods from Slovakia Email: pipes@slazanski.comTwitch Partner stream: strasil(streamujem v\u00fdrobu fajok alebo pr\u00e1cu s ko\u017eou, m\u00f4\u017eete na\u017eivo vidie\u0165 vyr\u00e1ba\u0165 v\u00fdrobok pr\u00e1ve V\u00e1s)(creative streams from pipemaking and leatherworking)Instagram: patrik.slazanskyYoutube: Strasil Pipes Review:SME.sk:\u00a0Medailon: Ke\u010f kon\u010d\u00ed fajka&#8230;Briar 02\/2014:\u00a0Patrik Sla\u017eansk\u00fdBriar Meditations:\u00a0Patrick Slazansky:<\/p>\n<p class=\"entry-excerpt-more\"><a class=\"read-more\" href=\"https:\/\/slazanski.com\/en\/contacts\/\">Read More <i class=\"fa fa-long-arrow-right\"><\/i><\/a><\/p>","protected":false},"author":1,"featured_media":955,"parent":0,"menu_order":0,"comment_status":"closed","ping_status":"closed","template":"","meta":{"footnotes":""},"class_list":["post-171","page","type-page","status-publish","has-post-thumbnail","hentry"],"_links":{"self":[{"href":"https:\/\/slazanski.com\/en\/wp-json\/wp\/v2\/pages\/171","targetHints":{"allow":["GET"]}}],"collection":[{"href":"https:\/\/slazanski.com\/en\/wp-json\/wp\/v2\/pages"}],"about":[{"href":"https:\/\/slazanski.com\/en\/wp-json\/wp\/v2\/types\/page"}],"author":[{"embeddable":true,"href":"https:\/\/slazanski.com\/en\/wp-json\/wp\/v2\/users\/1"}],"replies":[{"embeddable":true,"href":"https:\/\/slazanski.com\/en\/wp-json\/wp\/v2\/comments?post=171"}],"version-history":[{"count":26,"href":"https:\/\/slazanski.com\/en\/wp-json\/wp\/v2\/pages\/171\/revisions"}],"predecessor-version":[{"id":9187,"href":"https:\/\/slazanski.com\/en\/wp-json\/wp\/v2\/pages\/171\/revisions\/9187"}],"wp:featuredmedia":[{"embeddable":true,"href":"https:\/\/slazanski.com\/en\/wp-json\/wp\/v2\/media\/955"}],"wp:attachment":[{"href":"https:\/\/slazanski.com\/en\/wp-json\/wp\/v2\/media?parent=171"}],"curies":[{"name":"wp","href":"https:\/\/api.w.org\/{rel}","templated":true}]}}