{"id":9193,"date":"2026-03-05T13:56:49","date_gmt":"2026-03-05T11:56:49","guid":{"rendered":"https:\/\/slazanski.com\/?post_type=product&#038;p=9193"},"modified":"2026-03-05T14:09:18","modified_gmt":"2026-03-05T12:09:18","slug":"9193","status":"publish","type":"product","link":"https:\/\/slazanski.com\/de\/product\/9193\/","title":{"rendered":"K017022026"},"content":{"rendered":"<p>Ru\u010dne \u0161it\u00e1 pe\u0148a\u017eenka na \u0161es\u0165 kariet, bankovky a dve vn\u00fatorn\u00e9 vreck\u00e1. Ru\u010dne \u0161it\u00e9 hnedou ni\u0165ou Vinymo MBT<\/p>\n<ul>\n<li>Ko\u017ea je hov\u00e4dzina Koala Caramel, vegetable tanned.<\/li>\n<li>Rozmery s\u00fa 90&#215;123 mm(180&#215;123 mmrozlo\u017een\u00e1)<\/li>\n<li>Handn\u00e4hen<\/li>\n<li>\u0161es\u0165 kariet<\/li>\n<li>dve &#8222;skryt\u00e9&#8220; vreck\u00e1<\/li>\n<li>Platz f\u00fcr Geldscheine<\/li>\n<\/ul>\n<p>Bei Interesse k\u00f6nnen Sie dunkle oder helle N\u00e4hte bestellen. \u00dcberpr\u00fcfen Sie die Verf\u00fcgbarkeit \u00fcber das Formular.<\/p>","protected":false},"excerpt":{"rendered":"<p>Ru\u010dne \u0161it\u00e1 pe\u0148a\u017eenka na \u0161es\u0165 kariet, bankovky a dve vn\u00fatorn\u00e9 vreck\u00e1. Ru\u010dne \u0161it\u00e9 hnedou ni\u0165ou Vinymo MBT Ko\u017ea je hov\u00e4dzina Koala Caramel, vegetable tanned. Rozmery s\u00fa 90&#215;123 mm(180&#215;123 mmrozlo\u017een\u00e1) Ru\u010dn\u00e9 \u0161itie \u0161es\u0165 kariet dve &#8222;skryt\u00e9&#8220; vreck\u00e1 priestor na bankovky V pr\u00edpade z\u00e1ujmu je mo\u017en\u00e9 objedna\u0165<\/p>\n<p class=\"entry-excerpt-more\"><a class=\"read-more\" href=\"https:\/\/slazanski.com\/de\/product\/9193\/\">Read More <i class=\"fa fa-long-arrow-right\"><\/i><\/a><\/p>","protected":false},"featured_media":9195,"template":"","meta":[],"product_brand":[],"product_cat":[43],"product_tag":[],"class_list":{"0":"post-9193","1":"product","2":"type-product","3":"status-publish","4":"has-post-thumbnail","6":"product_cat-koza-penazenka","8":"first","9":"instock","10":"shipping-taxable","11":"product-type-leather"},"_links":{"self":[{"href":"https:\/\/slazanski.com\/de\/wp-json\/wp\/v2\/product\/9193","targetHints":{"allow":["GET"]}}],"collection":[{"href":"https:\/\/slazanski.com\/de\/wp-json\/wp\/v2\/product"}],"about":[{"href":"https:\/\/slazanski.com\/de\/wp-json\/wp\/v2\/types\/product"}],"wp:featuredmedia":[{"embeddable":true,"href":"https:\/\/slazanski.com\/de\/wp-json\/wp\/v2\/media\/9195"}],"wp:attachment":[{"href":"https:\/\/slazanski.com\/de\/wp-json\/wp\/v2\/media?parent=9193"}],"wp:term":[{"taxonomy":"product_brand","embeddable":true,"href":"https:\/\/slazanski.com\/de\/wp-json\/wp\/v2\/product_brand?post=9193"},{"taxonomy":"product_cat","embeddable":true,"href":"https:\/\/slazanski.com\/de\/wp-json\/wp\/v2\/product_cat?post=9193"},{"taxonomy":"product_tag","embeddable":true,"href":"https:\/\/slazanski.com\/de\/wp-json\/wp\/v2\/product_tag?post=9193"}],"curies":[{"name":"wp","href":"https:\/\/api.w.org\/{rel}","templated":true}]}}