{"id":9152,"date":"2026-02-24T14:23:20","date_gmt":"2026-02-24T12:23:20","guid":{"rendered":"https:\/\/slazanski.com\/?post_type=product&#038;p=9152"},"modified":"2026-02-25T11:20:19","modified_gmt":"2026-02-25T09:20:19","slug":"puzdro","status":"publish","type":"product","link":"https:\/\/slazanski.com\/de\/product\/puzdro\/","title":{"rendered":"puzdro"},"content":{"rendered":"<p>P\u00fazdro na fajky je z kvalitnej ko\u017ee pr\u00edrodne \u010dinenej (vegetable tanned) a je mo\u017en\u00e9 si ho doobjedna\u0165 k fajke.<\/p>","protected":false},"excerpt":{"rendered":"<p>P\u00fazdro na fajky je z kvalitnej ko\u017ee pr\u00edrodne \u010dinenej (vegetable tanned) a je mo\u017en\u00e9 si ho doobjedna\u0165 k fajke.<\/p>","protected":false},"featured_media":9153,"template":"","meta":[],"product_brand":[],"product_cat":[23,22,18,24,19,15,21,25,35,41,32,37,30,43,31,47,49,34,28,36,33,48,42,29],"product_tag":[],"class_list":{"0":"post-9152","1":"product","2":"type-product","3":"status-publish","4":"has-post-thumbnail","6":"product_cat-bent","7":"product_cat-biliard","8":"product_cat-cheap","9":"product_cat-churchwarden","10":"product_cat-luxury","11":"product_cat-nezaradene","12":"product_cat-rustic","13":"product_cat-smooth","14":"product_cat-acryl","15":"product_cat-bamboo","16":"product_cat-carnauba-wax","17":"product_cat-ebonit","18":"product_cat-edges","19":"product_cat-koza-penazenka","20":"product_cat-oil","21":"product_cat-opasok","22":"product_cat-puzdro-na-fajku","23":"product_cat-ring","24":"product_cat-sandblast","25":"product_cat-sem-ebonit","26":"product_cat-shellac","27":"product_cat-taska","28":"product_cat-wood-art","29":"product_cat-wooden-box","31":"first","32":"instock","33":"shipping-taxable","34":"product-type-leather"},"_links":{"self":[{"href":"https:\/\/slazanski.com\/de\/wp-json\/wp\/v2\/product\/9152","targetHints":{"allow":["GET"]}}],"collection":[{"href":"https:\/\/slazanski.com\/de\/wp-json\/wp\/v2\/product"}],"about":[{"href":"https:\/\/slazanski.com\/de\/wp-json\/wp\/v2\/types\/product"}],"wp:featuredmedia":[{"embeddable":true,"href":"https:\/\/slazanski.com\/de\/wp-json\/wp\/v2\/media\/9153"}],"wp:attachment":[{"href":"https:\/\/slazanski.com\/de\/wp-json\/wp\/v2\/media?parent=9152"}],"wp:term":[{"taxonomy":"product_brand","embeddable":true,"href":"https:\/\/slazanski.com\/de\/wp-json\/wp\/v2\/product_brand?post=9152"},{"taxonomy":"product_cat","embeddable":true,"href":"https:\/\/slazanski.com\/de\/wp-json\/wp\/v2\/product_cat?post=9152"},{"taxonomy":"product_tag","embeddable":true,"href":"https:\/\/slazanski.com\/de\/wp-json\/wp\/v2\/product_tag?post=9152"}],"curies":[{"name":"wp","href":"https:\/\/api.w.org\/{rel}","templated":true}]}}