{"id":8906,"date":"2025-08-24T22:18:13","date_gmt":"2025-08-24T20:18:13","guid":{"rendered":"https:\/\/slazanski.com\/?post_type=product&#038;p=8906"},"modified":"2026-02-24T10:45:03","modified_gmt":"2026-02-24T08:45:03","slug":"k013082025","status":"publish","type":"product","link":"https:\/\/slazanski.com\/de\/product\/k013082025\/","title":{"rendered":"K013082025"},"content":{"rendered":"<p>Ru\u010dne \u0161it\u00e1 pe\u0148a\u017eenka na tri karty, mince, bankovky a dve vn\u00fatorn\u00e9 vreck\u00e1. Ru\u010dne \u0161it\u00e9 \u010dervenou ni\u0165ou Vinymo MBT<\/p>\n<ul>\n<li>Ko\u017ea je hov\u00e4dzina Koala RED, vegetable tanned.<\/li>\n<li>Rozmery s\u00fa 90&#215;123 mm(180&#215;123 mm rozlo\u017een\u00e1)<\/li>\n<li>Handn\u00e4hen<\/li>\n<li>drei Karten<\/li>\n<li>dve &#8222;skryt\u00e9&#8220; vreck\u00e1<\/li>\n<li>Coin pouch<\/li>\n<li>Platz f\u00fcr Geldscheine<\/li>\n<\/ul>\n<p>Bei Interesse k\u00f6nnen Sie dunkle oder helle N\u00e4hte bestellen. \u00dcberpr\u00fcfen Sie die Verf\u00fcgbarkeit \u00fcber das Formular.<\/p>","protected":false},"excerpt":{"rendered":"<p>Ru\u010dne \u0161it\u00e1 pe\u0148a\u017eenka na tri karty, mince, bankovky a dve vn\u00fatorn\u00e9 vreck\u00e1. Ru\u010dne \u0161it\u00e9 \u010dervenou ni\u0165ou Vinymo MBT Ko\u017ea je hov\u00e4dzina Koala RED, vegetable tanned. Rozmery s\u00fa 90&#215;123 mm(180&#215;123 mm rozlo\u017een\u00e1) Ru\u010dn\u00e9 \u0161itie tri karty dve &#8222;skryt\u00e9&#8220; vreck\u00e1 vrecko na mince priestor na bankovky V<\/p>\n<p class=\"entry-excerpt-more\"><a class=\"read-more\" href=\"https:\/\/slazanski.com\/de\/product\/k013082025\/\">Read More <i class=\"fa fa-long-arrow-right\"><\/i><\/a><\/p>","protected":false},"featured_media":8911,"template":"","meta":[],"product_brand":[],"product_cat":[43],"product_tag":[],"class_list":{"0":"post-8906","1":"product","2":"type-product","3":"status-publish","4":"has-post-thumbnail","6":"product_cat-koza-penazenka","8":"first","9":"outofstock","10":"shipping-taxable","11":"product-type-leather"},"_links":{"self":[{"href":"https:\/\/slazanski.com\/de\/wp-json\/wp\/v2\/product\/8906","targetHints":{"allow":["GET"]}}],"collection":[{"href":"https:\/\/slazanski.com\/de\/wp-json\/wp\/v2\/product"}],"about":[{"href":"https:\/\/slazanski.com\/de\/wp-json\/wp\/v2\/types\/product"}],"wp:featuredmedia":[{"embeddable":true,"href":"https:\/\/slazanski.com\/de\/wp-json\/wp\/v2\/media\/8911"}],"wp:attachment":[{"href":"https:\/\/slazanski.com\/de\/wp-json\/wp\/v2\/media?parent=8906"}],"wp:term":[{"taxonomy":"product_brand","embeddable":true,"href":"https:\/\/slazanski.com\/de\/wp-json\/wp\/v2\/product_brand?post=8906"},{"taxonomy":"product_cat","embeddable":true,"href":"https:\/\/slazanski.com\/de\/wp-json\/wp\/v2\/product_cat?post=8906"},{"taxonomy":"product_tag","embeddable":true,"href":"https:\/\/slazanski.com\/de\/wp-json\/wp\/v2\/product_tag?post=8906"}],"curies":[{"name":"wp","href":"https:\/\/api.w.org\/{rel}","templated":true}]}}