{"id":8887,"date":"2025-08-24T21:50:08","date_gmt":"2025-08-24T19:50:08","guid":{"rendered":"https:\/\/slazanski.com\/?post_type=product&#038;p=8887"},"modified":"2026-01-07T16:40:32","modified_gmt":"2026-01-07T14:40:32","slug":"k011082025","status":"publish","type":"product","link":"https:\/\/slazanski.com\/de\/product\/k011082025\/","title":{"rendered":"K011082025"},"content":{"rendered":"<p><span style=\"color: #1e1e1e;\"><span style=\"font-family: Raleway, serif;\"><span style=\"font-size: medium;\">Ru\u010dne vyr\u00e1ban\u00fd opasok z kvalitnej hov\u00e4dzej ko\u017ee.<\/span><\/span><\/span><\/p>\n<ul>\n<li><span style=\"color: #1e1e1e;\"><span style=\"font-family: Raleway, serif;\"><span style=\"font-size: medium;\">Opasok m\u00e1 hr\u00fabku ko\u017ee 4 mm a \u0161\u00edrka opasku je 38 mm a sedem dierok<\/span><\/span><\/span><\/li>\n<li><span style=\"color: #1e1e1e;\"><span style=\"font-family: Raleway, serif;\"><span style=\"font-size: medium;\">Celkov\u00e1 d\u013a\u017eka opasku: 125 cm<\/span><\/span><\/span><\/li>\n<li><span style=\"color: #1e1e1e;\"><span style=\"font-family: Raleway, serif;\"><span style=\"font-size: medium;\">D\u013a\u017eka je mo\u017en\u00e9 skr\u00e1ti\u0165 pod\u013ea po\u017eiadavky<\/span><\/span><\/span><\/li>\n<li><span style=\"color: #1e1e1e;\"><span style=\"font-family: Raleway, serif;\"><span style=\"font-size: medium;\">Farben\u00fd zelen\u00fdm pigmentom na ko\u017eu<\/span><\/span><\/span><\/li>\n<li><span style=\"color: #1e1e1e;\"><span style=\"font-family: Raleway, serif;\"><span style=\"font-size: medium;\">o\u0161etren\u00fd pr\u00edrodn\u00fdm v\u010del\u00fdm balzamom<\/span><\/span><\/span><\/li>\n<\/ul>\n<p><span style=\"color: #1e1e1e;\">\u00a0 <span style=\"font-family: Raleway, serif;\"><span style=\"font-size: medium;\">Bei Interesse k\u00f6nnen Sie dunkle oder helle N\u00e4hte bestellen. \u00dcberpr\u00fcfen Sie die Verf\u00fcgbarkeit \u00fcber das Formular.<\/span><\/span><\/span><\/p>","protected":false},"excerpt":{"rendered":"<p>Ru\u010dne vyr\u00e1ban\u00fd opasok z kvalitnej hov\u00e4dzej ko\u017ee. Opasok m\u00e1 hr\u00fabku ko\u017ee 4 mm a \u0161\u00edrka opasku je 38 mm a sedem dierok Celkov\u00e1 d\u013a\u017eka opasku: 125 cm D\u013a\u017eka je mo\u017en\u00e9 skr\u00e1ti\u0165 pod\u013ea po\u017eiadavky Farben\u00fd zelen\u00fdm pigmentom na ko\u017eu o\u0161etren\u00fd pr\u00edrodn\u00fdm v\u010del\u00fdm balzamom \u00a0 V pr\u00edpade<\/p>\n<p class=\"entry-excerpt-more\"><a class=\"read-more\" href=\"https:\/\/slazanski.com\/de\/product\/k011082025\/\">Read More <i class=\"fa fa-long-arrow-right\"><\/i><\/a><\/p>","protected":false},"featured_media":8890,"template":"","meta":[],"product_brand":[],"product_cat":[47],"product_tag":[],"class_list":{"0":"post-8887","1":"product","2":"type-product","3":"status-publish","4":"has-post-thumbnail","6":"product_cat-opasok","8":"first","9":"outofstock","10":"shipping-taxable","11":"product-type-leather"},"_links":{"self":[{"href":"https:\/\/slazanski.com\/de\/wp-json\/wp\/v2\/product\/8887","targetHints":{"allow":["GET"]}}],"collection":[{"href":"https:\/\/slazanski.com\/de\/wp-json\/wp\/v2\/product"}],"about":[{"href":"https:\/\/slazanski.com\/de\/wp-json\/wp\/v2\/types\/product"}],"wp:featuredmedia":[{"embeddable":true,"href":"https:\/\/slazanski.com\/de\/wp-json\/wp\/v2\/media\/8890"}],"wp:attachment":[{"href":"https:\/\/slazanski.com\/de\/wp-json\/wp\/v2\/media?parent=8887"}],"wp:term":[{"taxonomy":"product_brand","embeddable":true,"href":"https:\/\/slazanski.com\/de\/wp-json\/wp\/v2\/product_brand?post=8887"},{"taxonomy":"product_cat","embeddable":true,"href":"https:\/\/slazanski.com\/de\/wp-json\/wp\/v2\/product_cat?post=8887"},{"taxonomy":"product_tag","embeddable":true,"href":"https:\/\/slazanski.com\/de\/wp-json\/wp\/v2\/product_tag?post=8887"}],"curies":[{"name":"wp","href":"https:\/\/api.w.org\/{rel}","templated":true}]}}