{"id":8658,"date":"2025-06-29T22:23:55","date_gmt":"2025-06-29T20:23:55","guid":{"rendered":"https:\/\/slazanski.com\/?post_type=product&#038;p=8658"},"modified":"2025-08-24T12:56:51","modified_gmt":"2025-08-24T10:56:51","slug":"k009062025","status":"publish","type":"product","link":"https:\/\/slazanski.com\/de\/product\/k009062025\/","title":{"rendered":"K009062025"},"content":{"rendered":"<ul>\n<li>Ru\u010dne \u0161it\u00e1 pe\u0148a\u017eenka na tri karty, mince, bankovky a dve vn\u00fatorn\u00e9 vreck\u00e1.<\/li>\n<li>Ko\u017ea je hov\u00e4dzina Koala CIGAR, vegetable tanned.<\/li>\n<li>Rozmery s\u00fa 90&#215;123 cm (180&#215;123 cm rozlo\u017een\u00e1)<\/li>\n<\/ul>\n<p>Bei Interesse k\u00f6nnen Sie dunkle oder helle N\u00e4hte bestellen. \u00dcberpr\u00fcfen Sie die Verf\u00fcgbarkeit \u00fcber das Formular.<\/p>\n<p>&nbsp;<\/p>\n<ul>\n<li><strong>EN<\/strong>: Hand-sewn wallet for three cards, coins, banknotes and two inner pockets.<\/li>\n<li>The leather is Koala CIGAR cowhide, vegetable tanned.<\/li>\n<li>Dimensions are 90&#215;123 cm (180&#215;123 cm unfolded)<\/li>\n<\/ul>\n<p>If interested, it is possible to order dark or light stitching. Check availability via the form.<\/p>","protected":false},"excerpt":{"rendered":"<p>Ru\u010dne \u0161it\u00e1 pe\u0148a\u017eenka na tri karty, mince, bankovky a dve vn\u00fatorn\u00e9 vreck\u00e1. Ko\u017ea je hov\u00e4dzina Koala CIGAR, vegetable tanned. Rozmery s\u00fa 90&#215;123 cm (180&#215;123 cm rozlo\u017een\u00e1) V pr\u00edpade z\u00e1ujmu je mo\u017en\u00e9 objedna\u0165 si tmav\u00e9 alebo svetl\u00e9 \u0161itie. Overte si dostupnos\u0165 cez formul\u00e1r. &nbsp; EN: Hand-sewn<\/p>\n<p class=\"entry-excerpt-more\"><a class=\"read-more\" href=\"https:\/\/slazanski.com\/de\/product\/k009062025\/\">Read More <i class=\"fa fa-long-arrow-right\"><\/i><\/a><\/p>","protected":false},"featured_media":8659,"template":"","meta":[],"product_brand":[],"product_cat":[43],"product_tag":[],"class_list":{"0":"post-8658","1":"product","2":"type-product","3":"status-publish","4":"has-post-thumbnail","6":"product_cat-koza-penazenka","8":"first","9":"outofstock","10":"shipping-taxable","11":"product-type-leather"},"_links":{"self":[{"href":"https:\/\/slazanski.com\/de\/wp-json\/wp\/v2\/product\/8658","targetHints":{"allow":["GET"]}}],"collection":[{"href":"https:\/\/slazanski.com\/de\/wp-json\/wp\/v2\/product"}],"about":[{"href":"https:\/\/slazanski.com\/de\/wp-json\/wp\/v2\/types\/product"}],"wp:featuredmedia":[{"embeddable":true,"href":"https:\/\/slazanski.com\/de\/wp-json\/wp\/v2\/media\/8659"}],"wp:attachment":[{"href":"https:\/\/slazanski.com\/de\/wp-json\/wp\/v2\/media?parent=8658"}],"wp:term":[{"taxonomy":"product_brand","embeddable":true,"href":"https:\/\/slazanski.com\/de\/wp-json\/wp\/v2\/product_brand?post=8658"},{"taxonomy":"product_cat","embeddable":true,"href":"https:\/\/slazanski.com\/de\/wp-json\/wp\/v2\/product_cat?post=8658"},{"taxonomy":"product_tag","embeddable":true,"href":"https:\/\/slazanski.com\/de\/wp-json\/wp\/v2\/product_tag?post=8658"}],"curies":[{"name":"wp","href":"https:\/\/api.w.org\/{rel}","templated":true}]}}