{"id":8606,"date":"2025-05-23T14:32:02","date_gmt":"2025-05-23T12:32:02","guid":{"rendered":"https:\/\/slazanski.com\/?post_type=product&#038;p=8606"},"modified":"2025-09-16T19:32:09","modified_gmt":"2025-09-16T17:32:09","slug":"miska-koza-001","status":"publish","type":"product","link":"https:\/\/slazanski.com\/de\/product\/miska-koza-001\/","title":{"rendered":"Miska ko\u017ea 001"},"content":{"rendered":"<p>Praktick\u00e1 miska z kvalitnej ko\u017ee na fajku a tabak. Rozlo\u017eite\u013en\u00e1. Rozmery: 15&#215;15 cm, hr\u00fabka ko\u017ee cca 2mm, mater\u00edal !crazy horse&#8220;.<\/p>","protected":false},"excerpt":{"rendered":"<p>Praktick\u00e1 miska z kvalitnej ko\u017ee na fajku a tabak. Rozlo\u017eite\u013en\u00e1. Rozmery: 15&#215;15 cm, hr\u00fabka ko\u017ee cca 2mm, mater\u00edal !crazy horse&#8220;.<\/p>","protected":false},"featured_media":8608,"template":"","meta":[],"product_brand":[],"product_cat":[15],"product_tag":[],"class_list":{"0":"post-8606","1":"product","2":"type-product","3":"status-publish","4":"has-post-thumbnail","6":"product_cat-nezaradene","8":"first","9":"instock","10":"shipping-taxable","11":"product-type-leather"},"_links":{"self":[{"href":"https:\/\/slazanski.com\/de\/wp-json\/wp\/v2\/product\/8606","targetHints":{"allow":["GET"]}}],"collection":[{"href":"https:\/\/slazanski.com\/de\/wp-json\/wp\/v2\/product"}],"about":[{"href":"https:\/\/slazanski.com\/de\/wp-json\/wp\/v2\/types\/product"}],"wp:featuredmedia":[{"embeddable":true,"href":"https:\/\/slazanski.com\/de\/wp-json\/wp\/v2\/media\/8608"}],"wp:attachment":[{"href":"https:\/\/slazanski.com\/de\/wp-json\/wp\/v2\/media?parent=8606"}],"wp:term":[{"taxonomy":"product_brand","embeddable":true,"href":"https:\/\/slazanski.com\/de\/wp-json\/wp\/v2\/product_brand?post=8606"},{"taxonomy":"product_cat","embeddable":true,"href":"https:\/\/slazanski.com\/de\/wp-json\/wp\/v2\/product_cat?post=8606"},{"taxonomy":"product_tag","embeddable":true,"href":"https:\/\/slazanski.com\/de\/wp-json\/wp\/v2\/product_tag?post=8606"}],"curies":[{"name":"wp","href":"https:\/\/api.w.org\/{rel}","templated":true}]}}