{"id":93,"date":"2021-08-26T21:47:34","date_gmt":"2021-08-26T19:47:34","guid":{"rendered":"http:\/\/localhost\/pspipes\/?page_id=93"},"modified":"2021-09-06T17:16:19","modified_gmt":"2021-09-06T15:16:19","slug":"ochrana-osobnych-udajov","status":"publish","type":"page","link":"https:\/\/slazanski.com\/de\/datenschutzbestimmungen\/","title":{"rendered":"Datenschutzbestimmungen \u2013 DSGVO"},"content":{"rendered":"<p class=\" translation-block\">Vielen Dank f\u00fcr Ihren Besuch auf meiner Website, ich freue mich \u00fcber Ihr Interesse. Ich nehme den Schutz Ihrer privaten Daten ernst und m\u00f6chte, dass Sie sich beim Besuch meiner Website wohl f\u00fchlen. Der Schutz Ihrer Privatsph\u00e4re bei der Verarbeitung personenbezogener Daten ist mir ein wichtiges Anliegen, das ich in meinen Gesch\u00e4ftsprozessen ber\u00fccksichtige. Bitte lesen Sie die Datenschutzbestimmungen und Rechte, die Ihnen im Zusammenhang mit der DSGVO (Datenschutzgrundverordnung) zustehen. Wir verarbeiten personenbezogene Daten, die beim Besuch dieser Website erhoben werden, gem\u00e4\u00df Gesetz Nr. 122\/2013 Slg. zum Schutz personenbezogener Daten.<\/p>\n\n\n\n<p class=\" translation-block\"><strong>Ihre Informationsrechte<\/strong><br>\nAuf Anfrage teilt Ihnen <strong>slazanski, s.r.o.<\/strong> nach M\u00f6glichkeit zeitnah schriftlich mit, ob und welche personenbezogenen Daten \u00fcber Sie erfasst sind. Sollten trotz unserer Bem\u00fchungen um Richtigkeit und Aktualit\u00e4t falsche Angaben erfasst werden, werden wir diese auf Anfrage berichtigen. Wenn Sie Fragen zur Verarbeitung Ihrer personenbezogenen Daten haben, k\u00f6nnen Sie diese an <strong>slazanski@gmail.com<\/strong> richten. Dort stehen wir Ihnen nicht nur f\u00fcr Informationsanfragen, sondern auch f\u00fcr Anregungen oder Beschwerden zur Verf\u00fcgung.<\/p>\n\n\n\n<p class=\" translation-block\"><strong>Datenschutzbestimmungen<\/strong><br><strong>Erhebung und Verarbeitung personenbezogener Daten<\/strong><br>Wenn Sie meine Website besuchen, erfassen unsere Websites standardm\u00e4\u00dfig die Ihnen von Ihrem ISP zugewiesene IP-Adresse Weg. , die Website, von der aus Sie uns besuchen, die Websites, die Sie bei uns besuchen, sowie das Datum und die Dauer des Besuchs. Personenbezogene Daten werden nur erfasst, wenn Sie uns diese <strong>aus freien St\u00fccken<\/strong> mitteilen, beispielsweise im Rahmen einer Registrierung, Umfragen, Preisgestaltung oder Vertragsabwicklung.<\/p>\n\n\n\n<p class=\" translation-block\"><strong>Sicherheit<\/strong><br><strong>slazanski, s. r. o. <\/strong>Ergreifen Sie technische, organisatorische und Sicherheitsma\u00dfnahmen, um unsere Daten vor Manipulation, Verlust, Zerst\u00f6rung und unbefugtem Zugriff zu sch\u00fctzen. Unsere Sicherheitsma\u00dfnahmen werden im Zuge der technologischen Entwicklung st\u00e4ndig verbessert.<\/p>\n\n\n\n<p class=\" translation-block\"><strong>Nutzung und Weitergabe personenbezogener Daten<\/strong><br><strong>slazanski, s. r. o. <\/strong>verwendet Ihre personenbezogenen Daten f\u00fcr die technische Website-Administration, Kundenverwaltung, Produktumfragen und Marketingzwecke nur im daf\u00fcr erforderlichen Umfang.<br>Die \u00dcbermittlung personenbezogener Daten an staatliche Einrichtungen und das Amt erfolgt nur im Rahmen von verbindliche gesetzliche Regelungen. Unsere Mitarbeiter, Agenturen und H\u00e4ndler unterliegen unserer Diskretion.<\/p>\n\n\n\n<p class=\" translation-block\"><strong>Welche personenbezogenen Daten wir verarbeiten<\/strong><br>Wir verarbeiten die folgenden Kategorien personenbezogener Daten f\u00fcr Marketingzwecke:<\/p>\n\n\n\n<ul class=\"wp-block-list\"><li>Grundlegende Identifikationsdaten \u2013 Name oder Rechnungsdaten (Adresse, Firmenname, ID-Nummer).<\/li><li>Kontaktdaten \u2013 E-Mail-Adresse.<\/li><li>Cookies - kleine Dateien auf der Festplatte Ihres Computers, die es Ihnen erm\u00f6glichen, sich auf den von Ihnen besuchten Webseiten als Einzelperson zu identifizieren, sodass die Webseiten individuell angepasst werden k\u00f6nnen und Ihre Pr\u00e4ferenzen gespeichert werden. Sie k\u00f6nnen die Verwendung von Cookies in Ihrem Internetbrowser deaktivieren.<\/li><li>Informationen zum Lesen von Artikeln oder zur Nutzung von Produkten und Dienstleistungen \u2013 welche Artikel auf meinem Blog interessieren Sie am meisten, wie lange haben Sie sie gelesen oder welche Produkte oder Dienstleistungen Sie in der Vergangenheit bei mir gekauft haben und so weiter.<\/li><li>Technische und Geolokalisierungsdaten \u2013 IP-Adressen, Browser- und Betriebssystemversionen, Identifikation des verwendeten Ger\u00e4ts.<\/li><\/ul>\n\n\n\n<p class=\" translation-block\"><strong>Opt-out<\/strong><br>Wir m\u00f6chten Ihre Daten nutzen, um Sie \u00fcber unsere Produkte und Dienstleistungen zu informieren oder Ihnen Feedback zu geben. Die Teilnahme an solchen Veranstaltungen ist selbstverst\u00e4ndlich <strong>freiwillig<\/strong>. Sollten Sie damit nicht einverstanden sein, k\u00f6nnen Sie uns dies jederzeit mitteilen, damit wir die Daten entsprechend sperren k\u00f6nnen. F\u00fcr die <strong>E-Mail-Kommunikation<\/strong> k\u00f6nnen Sie sich jederzeit \u00fcber den Abmeldelink am Ende jeder E-Mail abmelden.<\/p>\n\n\n\n<p class=\" translation-block\"><strong>Cookies<\/strong><br><strong>slazanski, s. r o. <\/strong>verwendet KEINE Cookies, um die Pr\u00e4ferenzen der Besucher zu \u00fcberwachen und Websites entsprechend optimal zu gestalten. Cookies sind kleine \u201eDateien\u201c, die auf Ihrer Festplatte gespeichert werden. Dies erleichtert die Navigation und sorgt f\u00fcr einen hohen Nutzerkomfort der Website. Mithilfe von Cookies kann festgestellt werden, ob Sie unsere Website bereits von Ihrem Computer aus besucht haben. Es wird nur das Cookie auf Ihrem Computer identifiziert.<br>Sie k\u00f6nnen die Verwendung von Cookies in Ihrem Internetbrowser deaktivieren.<\/p>\n\n\n\n<p class=\" translation-block\"><strong>Einwilligung zur Verarbeitung personenbezogener Daten<\/strong><br>Erkl\u00e4rung des Verk\u00e4ufers:\u00a0<strong>slazanski, s. r, o. <\/strong> verpflichtet sich, die Vertraulichkeit Ihrer pers\u00f6nlichen und gesch\u00e4ftlichen Daten uneingeschr\u00e4nkt zu respektieren, diese vor unbefugtem Zugriff zu sichern und vor Missbrauch zu sch\u00fctzen. Die von Ihnen im Kontaktformular eingegebenen Informationen<strong>,\u00a0<\/strong>werden zu Ihrer Identifizierung ben\u00f6tigt. Wir nutzen sie zur Abwicklung der gesamten Transaktion, einschlie\u00dflich der notwendigen Buchhaltungsvorg\u00e4nge, der Ausstellung von Steuerdokumenten, der Identifizierung Ihrer bargeldlosen Zahlungen und zur Kommunikation mit Ihnen.<\/p>","protected":false},"excerpt":{"rendered":"<p>\u010eakujem za Va\u0161u n\u00e1v\u0161tevu na mojich str\u00e1nkach, te\u0161\u00ed ma V\u00e1\u0161 z\u00e1ujem. Beriem ochranu va\u0161ich s\u00fakromn\u00fdch \u00fadajov v\u00e1\u017ene a chcem, aby ste sa pri n\u00e1v\u0161teve mojich internetov\u00fdch str\u00e1nok c\u00edtili dobre. Ochrana v\u00e1\u0161ho s\u00fakromia pri spracovan\u00ed osobn\u00fdch \u00fadajov je pre m\u0148a d\u00f4le\u017eitou z\u00e1le\u017eitos\u0165ou, ktor\u00fa pri mojich obchodn\u00fdch<\/p>\n<p class=\"entry-excerpt-more\"><a class=\"read-more\" href=\"https:\/\/slazanski.com\/de\/datenschutzbestimmungen\/\">Read More <i class=\"fa fa-long-arrow-right\"><\/i><\/a><\/p>","protected":false},"author":1,"featured_media":823,"parent":0,"menu_order":0,"comment_status":"closed","ping_status":"closed","template":"","meta":{"footnotes":""},"class_list":["post-93","page","type-page","status-publish","has-post-thumbnail","hentry"],"_links":{"self":[{"href":"https:\/\/slazanski.com\/de\/wp-json\/wp\/v2\/pages\/93","targetHints":{"allow":["GET"]}}],"collection":[{"href":"https:\/\/slazanski.com\/de\/wp-json\/wp\/v2\/pages"}],"about":[{"href":"https:\/\/slazanski.com\/de\/wp-json\/wp\/v2\/types\/page"}],"author":[{"embeddable":true,"href":"https:\/\/slazanski.com\/de\/wp-json\/wp\/v2\/users\/1"}],"replies":[{"embeddable":true,"href":"https:\/\/slazanski.com\/de\/wp-json\/wp\/v2\/comments?post=93"}],"version-history":[{"count":1,"href":"https:\/\/slazanski.com\/de\/wp-json\/wp\/v2\/pages\/93\/revisions"}],"predecessor-version":[{"id":376,"href":"https:\/\/slazanski.com\/de\/wp-json\/wp\/v2\/pages\/93\/revisions\/376"}],"wp:featuredmedia":[{"embeddable":true,"href":"https:\/\/slazanski.com\/de\/wp-json\/wp\/v2\/media\/823"}],"wp:attachment":[{"href":"https:\/\/slazanski.com\/de\/wp-json\/wp\/v2\/media?parent=93"}],"curies":[{"name":"wp","href":"https:\/\/api.w.org\/{rel}","templated":true}]}}