{"id":23,"date":"2021-02-27T17:01:14","date_gmt":"2021-02-27T17:01:14","guid":{"rendered":"http:\/\/localhost\/pspipes\/?page_id=23"},"modified":"2026-02-24T14:31:33","modified_gmt":"2026-02-24T12:31:33","slug":"uvod","status":"publish","type":"page","link":"https:\/\/slazanski.com\/de\/","title":{"rendered":"Einf\u00fchrung"},"content":{"rendered":"<h1 class=\"wp-block-heading has-text-align-center pipe-newest-products-title has-large-font-size\">Neue Produkte<\/h1>\n\n\n\n<div class=\"pipe-latest-wrapper\">\n<div class=\"pipe-latest woocommerce columns-4\"><ul class=\"products columns-4\">\n<li class=\"product type-product post-9193 status-publish first instock product_cat-koza-penazenka has-post-thumbnail shipping-taxable product-type-leather\">\n\t<a href=\"https:\/\/slazanski.com\/de\/product\/9193\/\" class=\"woocommerce-LoopProduct-link woocommerce-loop-product__link\"><div class=\"pipe-loop-wrapper\"><img loading=\"lazy\" decoding=\"async\" width=\"500\" height=\"375\" src=\"https:\/\/slazanski.com\/wp-content\/uploads\/2026\/03\/k017001-500x375.jpg\" class=\"attachment-woocommerce_thumbnail size-woocommerce_thumbnail\" alt=\"K017022026\" data-no-translation=\"\" \/><div class=\"pipe-loop-info\"><h2 class=\"woocommerce-loop-product__title\">K017022026<\/h2><h2 class=\"pipe-status-value available\">Verf\u00fcgbar<\/h2><\/div><\/div><\/a>\t<span id=\"woocommerce_loop_add_to_cart_link_describedby_9193\" class=\"screen-reader-text\">\n\t\t\t<\/span>\n<\/li>\n<li class=\"product type-product post-9152 status-publish instock product_cat-acryl product_cat-bamboo product_cat-bent product_cat-biliard product_cat-carnauba-wax product_cat-cheap product_cat-churchwarden product_cat-ebonit product_cat-edges product_cat-koza-penazenka product_cat-luxury product_cat-nezaradene product_cat-oil product_cat-opasok product_cat-puzdro-na-fajku product_cat-ring product_cat-rustic product_cat-sandblast product_cat-sem-ebonit product_cat-shellac product_cat-smooth product_cat-taska product_cat-wood-art product_cat-wooden-box has-post-thumbnail shipping-taxable product-type-leather\">\n\t<a href=\"https:\/\/slazanski.com\/de\/product\/puzdro\/\" class=\"woocommerce-LoopProduct-link woocommerce-loop-product__link\"><div class=\"pipe-loop-wrapper\"><img loading=\"lazy\" decoding=\"async\" width=\"500\" height=\"375\" src=\"https:\/\/slazanski.com\/wp-content\/uploads\/2026\/02\/puz001-500x375.jpg\" class=\"attachment-woocommerce_thumbnail size-woocommerce_thumbnail\" alt=\"puzdro\" data-no-translation=\"\" \/><div class=\"pipe-loop-info\"><h2 class=\"woocommerce-loop-product__title\">puzdro<\/h2><h2 class=\"pipe-status-value available\">Verf\u00fcgbar<\/h2><\/div><\/div><\/a>\t<span id=\"woocommerce_loop_add_to_cart_link_describedby_9152\" class=\"screen-reader-text\">\n\t\t\t<\/span>\n<\/li>\n<li class=\"product type-product post-8916 status-publish outofstock product_cat-koza-penazenka has-post-thumbnail shipping-taxable product-type-leather\">\n\t<a href=\"https:\/\/slazanski.com\/de\/product\/k014082025\/\" class=\"woocommerce-LoopProduct-link woocommerce-loop-product__link\"><div class=\"pipe-loop-wrapper\"><img loading=\"lazy\" decoding=\"async\" width=\"500\" height=\"375\" src=\"https:\/\/slazanski.com\/wp-content\/uploads\/2025\/08\/k014_006-500x375.jpg\" class=\"attachment-woocommerce_thumbnail size-woocommerce_thumbnail\" alt=\"K014082025\" data-no-translation=\"\" \/><div class=\"pipe-loop-info\"><h2 class=\"woocommerce-loop-product__title\">K014082025<\/h2><h2 class=\"pipe-status-value sold\">Verkauft<\/h2><\/div><\/div><\/a>\t<span id=\"woocommerce_loop_add_to_cart_link_describedby_8916\" class=\"screen-reader-text\">\n\t\t\t<\/span>\n<\/li>\n<li class=\"product type-product post-8906 status-publish last outofstock product_cat-koza-penazenka has-post-thumbnail shipping-taxable product-type-leather\">\n\t<a href=\"https:\/\/slazanski.com\/de\/product\/k013082025\/\" class=\"woocommerce-LoopProduct-link woocommerce-loop-product__link\"><div class=\"pipe-loop-wrapper\"><img loading=\"lazy\" decoding=\"async\" width=\"500\" height=\"375\" src=\"https:\/\/slazanski.com\/wp-content\/uploads\/2025\/08\/k013_005-500x375.jpg\" class=\"attachment-woocommerce_thumbnail size-woocommerce_thumbnail\" alt=\"K013082025\" data-no-translation=\"\" \/><div class=\"pipe-loop-info\"><h2 class=\"woocommerce-loop-product__title\">K013082025<\/h2><h2 class=\"pipe-status-value sold\">Verkauft<\/h2><\/div><\/div><\/a>\t<span id=\"woocommerce_loop_add_to_cart_link_describedby_8906\" class=\"screen-reader-text\">\n\t\t\t<\/span>\n<\/li>\n<\/ul>\n<\/div>\n<div class=\"pipe-latest woocommerce columns-4\"><ul class=\"products columns-4\">\n<li class=\"product type-product post-9247 status-publish first instock product_cat-bent product_cat-carnauba-wax product_cat-edges product_cat-luxury product_cat-oil product_cat-ring product_cat-sem-ebonit product_cat-smooth has-post-thumbnail shipping-taxable product-type-pipe\">\n\t<a href=\"https:\/\/slazanski.com\/de\/product\/p472032026\/\" class=\"woocommerce-LoopProduct-link woocommerce-loop-product__link\"><div class=\"pipe-loop-wrapper\"><img loading=\"lazy\" decoding=\"async\" width=\"500\" height=\"375\" src=\"https:\/\/slazanski.com\/wp-content\/uploads\/2026\/04\/472002-500x375.jpg\" class=\"attachment-woocommerce_thumbnail size-woocommerce_thumbnail\" alt=\"P472032026\" data-no-translation=\"\" \/><div class=\"pipe-loop-info\"><h2 class=\"woocommerce-loop-product__title\">P472032026<\/h2><h2 class=\"pipe-status-value reserved\">Reserviert<\/h2><\/div><\/div><\/a>\t<span id=\"woocommerce_loop_add_to_cart_link_describedby_9247\" class=\"screen-reader-text\">\n\t\t\t<\/span>\n<\/li>\n<li class=\"product type-product post-9238 status-publish instock product_cat-bent product_cat-carnauba-wax product_cat-luxury product_cat-oil product_cat-ring product_cat-rustic product_cat-sandblast product_cat-sem-ebonit product_cat-smooth has-post-thumbnail shipping-taxable product-type-pipe\">\n\t<a href=\"https:\/\/slazanski.com\/de\/product\/p471032026\/\" class=\"woocommerce-LoopProduct-link woocommerce-loop-product__link\"><div class=\"pipe-loop-wrapper\"><img loading=\"lazy\" decoding=\"async\" width=\"500\" height=\"375\" src=\"https:\/\/slazanski.com\/wp-content\/uploads\/2026\/04\/471003-500x375.jpg\" class=\"attachment-woocommerce_thumbnail size-woocommerce_thumbnail\" alt=\"P471032026\" data-no-translation=\"\" \/><div class=\"pipe-loop-info\"><h2 class=\"woocommerce-loop-product__title\">P471032026<\/h2><h2 class=\"pipe-status-value reserved\">Reserviert<\/h2><\/div><\/div><\/a>\t<span id=\"woocommerce_loop_add_to_cart_link_describedby_9238\" class=\"screen-reader-text\">\n\t\t\t<\/span>\n<\/li>\n<li class=\"product type-product post-9229 status-publish instock product_cat-bent product_cat-carnauba-wax product_cat-luxury product_cat-oil product_cat-ring product_cat-sem-ebonit product_cat-smooth has-post-thumbnail shipping-taxable product-type-pipe\">\n\t<a href=\"https:\/\/slazanski.com\/de\/product\/p470032026\/\" class=\"woocommerce-LoopProduct-link woocommerce-loop-product__link\"><div class=\"pipe-loop-wrapper\"><img loading=\"lazy\" decoding=\"async\" width=\"500\" height=\"375\" src=\"https:\/\/slazanski.com\/wp-content\/uploads\/2026\/04\/470002-500x375.jpg\" class=\"attachment-woocommerce_thumbnail size-woocommerce_thumbnail\" alt=\"P470032026\" data-no-translation=\"\" \/><div class=\"pipe-loop-info\"><h2 class=\"woocommerce-loop-product__title\">P470032026<\/h2><h2 class=\"pipe-status-value reserved\">Reserviert<\/h2><\/div><\/div><\/a>\t<span id=\"woocommerce_loop_add_to_cart_link_describedby_9229\" class=\"screen-reader-text\">\n\t\t\t<\/span>\n<\/li>\n<li class=\"product type-product post-9221 status-publish last instock product_cat-bent product_cat-carnauba-wax product_cat-edges product_cat-luxury product_cat-oil product_cat-ring product_cat-sem-ebonit product_cat-smooth has-post-thumbnail shipping-taxable product-type-pipe\">\n\t<a href=\"https:\/\/slazanski.com\/de\/product\/p469032026\/\" class=\"woocommerce-LoopProduct-link woocommerce-loop-product__link\"><div class=\"pipe-loop-wrapper\"><img loading=\"lazy\" decoding=\"async\" width=\"500\" height=\"375\" src=\"https:\/\/slazanski.com\/wp-content\/uploads\/2026\/04\/469002-500x375.jpg\" class=\"attachment-woocommerce_thumbnail size-woocommerce_thumbnail\" alt=\"P469032026\" data-no-translation=\"\" \/><div class=\"pipe-loop-info\"><h2 class=\"woocommerce-loop-product__title\">P469032026<\/h2><h2 class=\"pipe-status-value reserved\">Reserviert<\/h2><\/div><\/div><\/a>\t<span id=\"woocommerce_loop_add_to_cart_link_describedby_9221\" class=\"screen-reader-text\">\n\t\t\t<\/span>\n<\/li>\n<\/ul>\n<\/div>\n<\/div>\n\n\n\n<hr class=\"wp-block-separator has-css-opacity\"\/>\n\n\n\n<div class=\"wp-block-columns are-vertically-aligned-top pipe-main-content is-layout-flex wp-container-core-columns-is-layout-9d6595d7 wp-block-columns-is-layout-flex\">\n<div class=\"wp-block-column is-vertically-aligned-top is-layout-flow wp-block-column-is-layout-flow\">\n<div class=\"wp-block-columns is-layout-flex wp-container-core-columns-is-layout-9d6595d7 wp-block-columns-is-layout-flex\">\n<div class=\"wp-block-column is-layout-flow wp-block-column-is-layout-flow\">\n<h1 class=\"wp-block-heading has-text-align-center\" style=\"font-size:25px\">Freunde, willkommen in meiner Pfeifenwerkstatt!<\/h1>\n\n\n<div class=\"wp-block-image is-style-default\">\n<figure class=\"aligncenter size-full\"><img loading=\"lazy\" decoding=\"async\" width=\"800\" height=\"1067\" src=\"https:\/\/slazanski.com\/wp-content\/uploads\/2026\/02\/self003.jpg\" alt=\"\" class=\"wp-image-9162\" srcset=\"https:\/\/slazanski.com\/wp-content\/uploads\/2026\/02\/self003.jpg 800w, https:\/\/slazanski.com\/wp-content\/uploads\/2026\/02\/self003-225x300.jpg 225w, https:\/\/slazanski.com\/wp-content\/uploads\/2026\/02\/self003-768x1024.jpg 768w, https:\/\/slazanski.com\/wp-content\/uploads\/2026\/02\/self003-9x12.jpg 9w, https:\/\/slazanski.com\/wp-content\/uploads\/2026\/02\/self003-600x800.jpg 600w, https:\/\/slazanski.com\/wp-content\/uploads\/2026\/02\/self003-112x150.jpg 112w, https:\/\/slazanski.com\/wp-content\/uploads\/2026\/02\/self003-64x85.jpg 64w\" sizes=\"auto, (max-width: 800px) 100vw, 800px\" data-no-translation=\"\" \/><\/figure>\n<\/div><\/div>\n\n\n\n<div class=\"wp-block-column is-layout-flow wp-block-column-is-layout-flow\">\n<p class=\"has-text-align-left\" style=\"margin-top: 6rem;\">Mein Name ist Patrik Sla\u017eansk\u00fd, ich lebe in der Slowakei. Neben anderen Aktivit\u00e4ten widme ich mich der Herstellung von Freehand-Pfeifen aus Bruy\u00e8reholz. Eine Pfeife ist ein wundersch\u00f6nes \u00e4sthetisches und k\u00fcnstlerisches Werk, das nicht nur das Auge und die Seele erfreut, sondern auch die H\u00e4nde w\u00e4rmt, wenn Tabak darin brennt. Ich besch\u00e4ftige mich schon seit l\u00e4ngerer Zeit mit der Herstellung von Pfeifen und habe seit meiner ersten Pfeife einen langen Weg zur\u00fcckgelegt, aber nat\u00fcrlich gibt es immer noch etwas zu verbessern, und das macht mir am meisten Spa\u00df. Ich habe schon immer die sch\u00f6nen Formen und verschiedenen Ausf\u00fchrungen von Pfeifen bewundert, und zwar so sehr, dass ich angefangen habe, verschiedene Foren, meist aus dem Ausland, zum Thema Pfeifenherstellung zu suchen \u2013 verwendete Materialien, Pfeifenformen, Ausf\u00fchrungen und verschiedene Verarbeitungstechniken.<\/p>\n<\/div>\n\n\n\n<div class=\"wp-block-column is-layout-flow wp-block-column-is-layout-flow\">\n<p class=\"has-text-align-left\" style=\"margin-top: 6rem;\">Ich suchte lange nach Informationen und schaute mir Videos auf YouTube an, bis ich eines Tages meinen ersten Hobbyblock kaufte und dem Rauchen v\u00f6llig verfiel. Im Dezember 2012 pr\u00e4sentierte ich meine erste professionelle Verkaufskollektion, die vor allem im Ausland sehr erfolgreich war. Seitdem habe ich mich beruflich weiterentwickelt und hoffe, dass sich dies in meiner j\u00fcngsten Arbeit widerspiegelt. Jede in meiner Werkstatt hergestellte Pfeife ist ein Originalst\u00fcck \u2013 ich versuche, meinen eigenen Weg zu gehen. Ich gehe von klassischen Formen aus, pr\u00e4sentiere sie aber etwas anders, so wie ich es gerade empfinde. Meine Arbeit hat Fans in Australien, den USA, Kanada, Mexiko, Irland, Norwegen, der Schweiz, Frankreich, Ungarn, Zypern, aber auch in der Tschechischen Republik und nat\u00fcrlich zu Hause, in der Slowakei, gefunden.<\/p>\n\n\n\n<p>K fajk\u00e1m d\u00e1vam ako bonus dreven\u00e9 dus\u00e1tko a drobnosti, ktor\u00e9 predpoklad\u00e1m, \u017ee ocen\u00ed ka\u017ed\u00fd, kto si zak\u00fapi fajku pr\u00e1ve z mojej dielne.<br><br>Ich glaube, dass die Menge der hergestellten Pfeifen st\u00e4ndig zunehmen wird und ich hoffe, dass jede Pfeife ihren gl\u00fccklichen Besitzer oder Fans findet.<br><br>Habt einen angenehmen Tag und genie\u00dft einen k\u00fchlen Rauch \ud83d\ude42<\/p>\n<\/div>\n<\/div>\n<\/div>\n<\/div>","protected":false},"excerpt":{"rendered":"<p>Novinky Priatelia,&nbsp;vitajte v mojej fajk\u00e1rskej dielni! Vol\u00e1m sa Patrik Sla\u017eansk\u00fd, \u017eijem na Slovensku. Okrem in\u00fdch aktiv\u00edt sa venujem v\u00fdrobe freehand fajok z briarov\u00e9ho dreva. Fajka je kr\u00e1sne estetick\u00e9 a umeleck\u00e9 dielo, ktor\u00e9 nielen lahod\u00ed oku a du\u0161i, ale ke\u010f v nej hor\u00ed tabak, hreje v\u00e1s<\/p>\n<p class=\"entry-excerpt-more\"><a class=\"read-more\" href=\"https:\/\/slazanski.com\/de\/product\/p469032026\/\">Read More <i class=\"fa fa-long-arrow-right\"><\/i><\/a><\/p>","protected":false},"author":1,"featured_media":1659,"parent":0,"menu_order":0,"comment_status":"closed","ping_status":"closed","template":"template-full.php","meta":{"footnotes":""},"class_list":["post-23","page","type-page","status-publish","has-post-thumbnail","hentry"],"_links":{"self":[{"href":"https:\/\/slazanski.com\/de\/wp-json\/wp\/v2\/pages\/23","targetHints":{"allow":["GET"]}}],"collection":[{"href":"https:\/\/slazanski.com\/de\/wp-json\/wp\/v2\/pages"}],"about":[{"href":"https:\/\/slazanski.com\/de\/wp-json\/wp\/v2\/types\/page"}],"author":[{"embeddable":true,"href":"https:\/\/slazanski.com\/de\/wp-json\/wp\/v2\/users\/1"}],"replies":[{"embeddable":true,"href":"https:\/\/slazanski.com\/de\/wp-json\/wp\/v2\/comments?post=23"}],"version-history":[{"count":73,"href":"https:\/\/slazanski.com\/de\/wp-json\/wp\/v2\/pages\/23\/revisions"}],"predecessor-version":[{"id":9170,"href":"https:\/\/slazanski.com\/de\/wp-json\/wp\/v2\/pages\/23\/revisions\/9170"}],"wp:featuredmedia":[{"embeddable":true,"href":"https:\/\/slazanski.com\/de\/wp-json\/wp\/v2\/media\/1659"}],"wp:attachment":[{"href":"https:\/\/slazanski.com\/de\/wp-json\/wp\/v2\/media?parent=23"}],"curies":[{"name":"wp","href":"https:\/\/api.w.org\/{rel}","templated":true}]}}